{"id":255,"date":"2014-03-10T20:31:53","date_gmt":"2014-03-10T20:31:53","guid":{"rendered":"http:\/\/68.71.42.90\/~camping\/web\/?page_id=255"},"modified":"2024-10-15T14:03:35","modified_gmt":"2024-10-15T14:03:35","slug":"services","status":"publish","type":"page","link":"https:\/\/www.campingperce.com\/web\/?page_id=255&lang=en","title":{"rendered":"Sur le site du Camping C\u00f4te Surprise :"},"content":{"rendered":"<div style=\"text-align: left;\" align=\"center\"><strong>Nos Services :\u00a0<\/strong><\/div>\n<div align=\"center\"><\/div>\n<div style=\"text-align: left;\" align=\"center\">\u2022 125 sites de campings \u00e9tendue sur 1 kilom\u00e8tre le long de la mer<br \/>\n\u2022 80 sites poss\u00e9dant 3 services (\u00e9lectricit\u00e9 30 amp\u00e8res, eau et \u00e9gout)<br \/>\n\u2022 30 sites r\u00e9partis dans le bois\u00e9 et au bord de la falaise (sans services pour tentes)<\/div>\n<div style=\"text-align: left;\" align=\"center\">\u2022 15 sites avec \u00e9lectricit\u00e9 (15 amp\u00e8res )pour tentes avec vue \u00e0 180 degr\u00e9s sur la mer<br \/>\n\u2022 Salle commune ouverte \u00e0 tous avec espace pour manger et coin pour enfant<\/div>\n<div style=\"text-align: left;\" align=\"center\">\u2022 Buanderie<\/div>\n<div style=\"text-align: left;\" align=\"center\">\u2022 Toilettes et Douches non-payantes<\/div>\n<div style=\"text-align: left;\" align=\"center\">\u2022 Lava-beau ext\u00e9rieur<\/div>\n<div style=\"text-align: left;\" align=\"center\">\u2022 Parc pour enfant\/jeu de fer<\/div>\n<div align=\"center\"><\/div>\n<div style=\"text-align: left;\" align=\"center\">\n<p style=\"text-align: left;\"><strong>\u00c0 proximit\u00e9 :<\/strong><\/p>\n<div style=\"text-align: left;\" align=\"center\">\u2022 Croisi\u00e8res en bateau au parc National de l&rsquo;\u00cele Bonaventure-et-du-Rocher-Perc\u00e9 (S\u00c9PAQ)<br \/>\n\u2022 Rivi\u00e8re-des-\u00c9meraudes\/plages<br \/>\n\u2022 Micro-Brasserie\/Distilleries<\/div>\n<div style=\"text-align: left;\" align=\"center\">\u2022 Tour d&rsquo;H\u00e9licopt\u00e9re<br \/>\n\u2022 \u00c9piceries\/restaurants\/Caf\u00e9s<\/div>\n<div style=\"text-align: left;\" align=\"center\">\u2022 Excursion de p\u00eache en haute mer et p\u00eache au bar ray\u00e9<\/div>\n<div style=\"text-align: left;\" align=\"center\">\u2022 G\u00e9oparc Mondial de l&rsquo;Unesco (randonn\u00e9e, plate forme vitr\u00e9e)<\/div>\n<div style=\"text-align: left;\" align=\"center\">\u2022 Location de Paddle bord et de Kayak<\/div>\n<div align=\"center\"><\/div>\n<div align=\"center\"><\/div>\n<div align=\"center\"><\/div>\n<\/div>\n","protected":false},"excerpt":{"rendered":"<p>Nos Services :\u00a0 \u2022 125 sites de campings \u00e9tendue sur 1 kilom\u00e8tre le long de la mer \u2022 80 sites poss\u00e9dant 3 services (\u00e9lectricit\u00e9 30 amp\u00e8res, eau et \u00e9gout) \u2022 30 sites r\u00e9partis dans le bois\u00e9 et au bord de la falaise (sans services pour tentes) \u2022 15 sites avec[&#8230;]<\/p>\n","protected":false},"author":2,"featured_media":245,"parent":0,"menu_order":0,"comment_status":"open","ping_status":"open","template":"","meta":{"footnotes":""},"class_list":["post-255","page","type-page","status-publish","has-post-thumbnail","hentry"],"_links":{"self":[{"href":"https:\/\/www.campingperce.com\/web\/index.php?rest_route=\/wp\/v2\/pages\/255","targetHints":{"allow":["GET"]}}],"collection":[{"href":"https:\/\/www.campingperce.com\/web\/index.php?rest_route=\/wp\/v2\/pages"}],"about":[{"href":"https:\/\/www.campingperce.com\/web\/index.php?rest_route=\/wp\/v2\/types\/page"}],"author":[{"embeddable":true,"href":"https:\/\/www.campingperce.com\/web\/index.php?rest_route=\/wp\/v2\/users\/2"}],"replies":[{"embeddable":true,"href":"https:\/\/www.campingperce.com\/web\/index.php?rest_route=%2Fwp%2Fv2%2Fcomments&post=255"}],"version-history":[{"count":8,"href":"https:\/\/www.campingperce.com\/web\/index.php?rest_route=\/wp\/v2\/pages\/255\/revisions"}],"predecessor-version":[{"id":474,"href":"https:\/\/www.campingperce.com\/web\/index.php?rest_route=\/wp\/v2\/pages\/255\/revisions\/474"}],"wp:featuredmedia":[{"embeddable":true,"href":"https:\/\/www.campingperce.com\/web\/index.php?rest_route=\/wp\/v2\/media\/245"}],"wp:attachment":[{"href":"https:\/\/www.campingperce.com\/web\/index.php?rest_route=%2Fwp%2Fv2%2Fmedia&parent=255"}],"curies":[{"name":"wp","href":"https:\/\/api.w.org\/{rel}","templated":true}]}}