{"id":258,"date":"2014-03-10T20:32:02","date_gmt":"2014-03-10T20:32:02","guid":{"rendered":"http:\/\/68.71.42.90\/~camping\/web\/?page_id=258"},"modified":"2024-10-15T14:02:52","modified_gmt":"2024-10-15T14:02:52","slug":"contact","status":"publish","type":"page","link":"https:\/\/www.campingperce.com\/web\/?page_id=258&lang=en","title":{"rendered":"Contact"},"content":{"rendered":"<p style=\"text-align: left;\" align=\"center\">Pour des informations ou une r\u00e9servation :<\/p>\n<p style=\"text-align: left;\" align=\"center\">335 route 132 Ouest<br \/>\nPerc\u00e9, QC Canada \u00a0G0C 2L0<\/p>\n<p style=\"text-align: left;\" align=\"center\">T\u00e9l\u00e9phone : 1 (418) 782-5443<br \/>\nT\u00e9l\u00e9phone (Hiver) : 1 (418) 370-9126<\/p>\n<p>Carte du secteur (Vue satellite du camping) <a href=\"https:\/\/www.google.ca\/maps\/place\/48\u00b030'37.5%22N+64\u00b013'17.9%22W\/@48.5082523,-64.1966571,14z\/data=!4m2!3m1!1s0x0:0x0\">Cliquez ici<\/a><br \/>\nGPS: Latitude: N 48.51039 Longitude: W 64.22169<\/p>\n\n<div class=\"wpcf7 no-js\" id=\"wpcf7-f192-o1\" lang=\"en-US\" dir=\"ltr\" data-wpcf7-id=\"192\">\n<div class=\"screen-reader-response\"><p role=\"status\" aria-live=\"polite\" aria-atomic=\"true\"><\/p> <ul><\/ul><\/div>\n<form action=\"\/web\/?lang=en%2Findex.php&#038;rest_route=%2Fwp%2Fv2%2Fpages%2F258#wpcf7-f192-o1\" method=\"post\" class=\"wpcf7-form init\" aria-label=\"Contact form\" novalidate=\"novalidate\" data-status=\"init\">\n<fieldset class=\"hidden-fields-container\"><input type=\"hidden\" name=\"_wpcf7\" value=\"192\" \/><input type=\"hidden\" name=\"_wpcf7_version\" value=\"6.1.5\" \/><input type=\"hidden\" name=\"_wpcf7_locale\" value=\"en_US\" \/><input type=\"hidden\" name=\"_wpcf7_unit_tag\" value=\"wpcf7-f192-o1\" \/><input type=\"hidden\" name=\"_wpcf7_container_post\" value=\"0\" \/><input type=\"hidden\" name=\"_wpcf7_posted_data_hash\" value=\"\" \/>\n<\/fieldset>\n<p>Votre nom (requis)\n<\/p>\n<p><span class=\"wpcf7-form-control-wrap\" data-name=\"votre-nom\"><input size=\"40\" maxlength=\"400\" class=\"wpcf7-form-control wpcf7-text wpcf7-validates-as-required\" aria-required=\"true\" aria-invalid=\"false\" value=\"\" type=\"text\" name=\"votre-nom\" \/><\/span>\n<\/p>\n<p>Votre Email (requis)\n<\/p>\n<p><span class=\"wpcf7-form-control-wrap\" data-name=\"votre-email\"><input size=\"40\" maxlength=\"400\" class=\"wpcf7-form-control wpcf7-email wpcf7-validates-as-required wpcf7-text wpcf7-validates-as-email\" aria-required=\"true\" aria-invalid=\"false\" value=\"\" type=\"email\" name=\"votre-email\" \/><\/span>\n<\/p>\n<p>Sujet\n<\/p>\n<p><span class=\"wpcf7-form-control-wrap\" data-name=\"votre-sujet\"><input size=\"40\" maxlength=\"400\" class=\"wpcf7-form-control wpcf7-text\" aria-invalid=\"false\" value=\"\" type=\"text\" name=\"votre-sujet\" \/><\/span>\n<\/p>\n<p>Votre Message\n<\/p>\n<p><span class=\"wpcf7-form-control-wrap\" data-name=\"votre-message\"><textarea cols=\"40\" rows=\"10\" maxlength=\"2000\" class=\"wpcf7-form-control wpcf7-textarea\" aria-invalid=\"false\" name=\"votre-message\"><\/textarea><\/span>\n<\/p>\n<p><input class=\"wpcf7-form-control wpcf7-submit has-spinner\" type=\"submit\" value=\"Envoyez\" \/>\n<\/p><div class=\"wpcf7-response-output\" aria-hidden=\"true\"><\/div>\n<\/form>\n<\/div>\n\n","protected":false},"excerpt":{"rendered":"<p>Pour des informations ou une r\u00e9servation : 335 route 132 Ouest Perc\u00e9, QC Canada \u00a0G0C 2L0 T\u00e9l\u00e9phone : 1 (418) 782-5443 T\u00e9l\u00e9phone (Hiver) : 1 (418) 370-9126 Carte du secteur (Vue satellite du camping) Cliquez ici GPS: Latitude: N 48.51039 Longitude: W 64.22169<\/p>\n","protected":false},"author":2,"featured_media":0,"parent":0,"menu_order":0,"comment_status":"open","ping_status":"open","template":"template-contact.php","meta":{"footnotes":""},"class_list":["post-258","page","type-page","status-publish","hentry"],"_links":{"self":[{"href":"https:\/\/www.campingperce.com\/web\/index.php?rest_route=\/wp\/v2\/pages\/258","targetHints":{"allow":["GET"]}}],"collection":[{"href":"https:\/\/www.campingperce.com\/web\/index.php?rest_route=\/wp\/v2\/pages"}],"about":[{"href":"https:\/\/www.campingperce.com\/web\/index.php?rest_route=\/wp\/v2\/types\/page"}],"author":[{"embeddable":true,"href":"https:\/\/www.campingperce.com\/web\/index.php?rest_route=\/wp\/v2\/users\/2"}],"replies":[{"embeddable":true,"href":"https:\/\/www.campingperce.com\/web\/index.php?rest_route=%2Fwp%2Fv2%2Fcomments&post=258"}],"version-history":[{"count":13,"href":"https:\/\/www.campingperce.com\/web\/index.php?rest_route=\/wp\/v2\/pages\/258\/revisions"}],"predecessor-version":[{"id":473,"href":"https:\/\/www.campingperce.com\/web\/index.php?rest_route=\/wp\/v2\/pages\/258\/revisions\/473"}],"wp:attachment":[{"href":"https:\/\/www.campingperce.com\/web\/index.php?rest_route=%2Fwp%2Fv2%2Fmedia&parent=258"}],"curies":[{"name":"wp","href":"https:\/\/api.w.org\/{rel}","templated":true}]}}